{"id":1436,"date":"2025-12-11T14:46:27","date_gmt":"2025-12-11T13:46:27","guid":{"rendered":"https:\/\/www.villa-prestige-service.com\/legal-notices\/"},"modified":"2026-01-19T13:11:01","modified_gmt":"2026-01-19T12:11:01","slug":"mentions-legales","status":"publish","type":"page","link":"https:\/\/www.villa-prestige-service.com\/fr\/mentions-legales\/","title":{"rendered":"Mentions L\u00e9gales"},"content":{"rendered":"<section\n        class=\"text-block text-block-1436\"\n        id=\"\"\n        class=\"align wp-block-thm-text-block\">\n    <div class=\"container text-block__container\">\n                    <div class=\"text-block__breadcrumbs hidden-for-mobile\">\n                <nav class=\"breadcrumbs\" id=\"breadcrumbs\"><span><span><a href=\"https:\/\/www.villa-prestige-service.com\/fr\/\">Accueil<\/a><\/span><\/span><\/nav>            <\/div>\n                            <h1 class=\"text-block__title\">\n                Mentions L\u00e9gales            <\/h1>\n                <div class=\"text-block__content\">\n                            <h2>La Soci\u00e9t\u00e9<\/h2>\n<p><\/p>\n<ul style=\"font-weight: 500\">\n<li><strong>Soci\u00e9t\u00e9 : SARL VILLA PRESTIGE &amp; SERVICES<\/strong><\/li>\n<li>Adresse du site internet : www.villa-prestige-service.com<\/li>\n<li>Adresse postale : Route des plages \u2013 Km1 \u2013 83990 SAINT-TROPEZ<\/li>\n<li>T\u00e9l\u00e9phone : +33 (0)4 94 97 30 78<\/li>\n<li>Adresse e-mail : info@villa-prestige-service.com<\/li>\n<li>Immatricul\u00e9e au RCS sous le num\u00e9ro SIREN : 447 974 965<\/li>\n<li>SIRET : 44797496500033<\/li>\n<li>Code APE : 7911Z<\/li>\n<li>Capital social : 7 500 \u20ac<\/li>\n<li>Num\u00e9ro de TVA intracommunautaire : FR92447974965<\/li>\n<\/ul>\n<h2>Cr\u00e9ation du site<\/h2>\n<p><\/p>\n<ul>\n<li>Soci\u00e9t\u00e9 : Cr\u00e9ative Altitude<\/li>\n<li>Adresse du site internet : <a href=\"https:\/\/www.creative-altitude.com\/\" target=\"_blank\" rel=\"noopener\">creative-altitude.com<\/a><\/li>\n<li>Adresse postale : 110 Rue des Faverges, 73350 Bozel<\/li>\n<li>T\u00e9l\u00e9phone : +33 4 79 08 18 00<\/li>\n<li>Adresse e-mail : contact@creative-altitude.com<\/li>\n<li>Immatricul\u00e9e au RCS sous le num\u00e9ro SIREN : 538 614 454<\/li>\n<li>SIRET : 53861445400055<\/li>\n<li>Code APE : 7311Z<\/li>\n<li>Capital social : 50 000 \u20ac<\/li>\n<li>Num\u00e9ro de TVA intracommunautaire : FR11538614454<\/li>\n<\/ul>\n<h2>H\u00e9bergement<\/h2>\n<p><\/p>\n<ul style=\"line-height: 125%\">\n<li>o2switch<\/li>\n<li>222 Boulevard Gustave Flaubert<\/li>\n<li>63000 Clermont-Ferrand (France)<\/li>\n<li>T\u00e9l\u00e9phone : 04 44 44 60 40<\/li>\n<li>SARL au capital de 100 000 \u20ac, immatricul\u00e9e au RCS de Clermont-Ferrand<\/li>\n<li>SIRET : 510 909 80700024<\/li>\n<li>Num\u00e9ro de TVA intracommunautaire : FR35510909807<\/li>\n<li>CNIL : 1756116 | RIPE : AS50474<\/li>\n<\/ul>\n<h2>Droits d\u2019auteur<\/h2>\n<p>L\u2019ensemble de ce site rel\u00e8ve de la l\u00e9gislation fran\u00e7aise et internationale sur le droit d\u2019auteur et la propri\u00e9t\u00e9 intellectuelle.<\/p>\n<p>Les photographies, textes, slogans, dessins, images, s\u00e9quences anim\u00e9es ou non, ainsi que toutes les \u0153uvres int\u00e9gr\u00e9es au site sont la propri\u00e9t\u00e9 de la soci\u00e9t\u00e9 SARL VILLA PRESTIGE &amp; SERVICES ou de tiers ayant autoris\u00e9 SARL VILLA PRESTIGE &amp; SERVICES \u00e0 les utiliser.<br \/>Les logos, ic\u00f4nes et \u00e9l\u00e9ments graphiques figurant sur le site sont prot\u00e9g\u00e9s par le droit d\u2019auteur et par les articles L.511-1 et suivants du Code de la propri\u00e9t\u00e9 intellectuelle relatifs \u00e0 la protection des dessins et mod\u00e8les d\u00e9pos\u00e9s.<\/p>\n<p>Tous les droits de reproduction sont r\u00e9serv\u00e9s et strictement limit\u00e9s, y compris pour les documents t\u00e9l\u00e9chargeables et les repr\u00e9sentations iconographiques et photographiques. Les marques cit\u00e9es sur ce site sont d\u00e9pos\u00e9es par les soci\u00e9t\u00e9s qui en sont propri\u00e9taires. Toute utilisation non autoris\u00e9e de tout ou partie de ces droits par des tiers pourra donner lieu \u00e0 des poursuites judiciaires.<\/p>\n<h2>Contenu du site<\/h2>\n<p>SARL VILLA PRESTIGE &amp; SERVICES d\u00e9cline toute responsabilit\u00e9 en cas de retard de mise \u00e0 jour, ainsi qu\u2019en cas d\u2019interruption ou d\u2019indisponibilit\u00e9 temporaire du service. SARL VILLA PRESTIGE &amp; SERVICES se r\u00e9serve le droit de corriger, \u00e0 tout moment et sans pr\u00e9avis, le contenu de ce site.<\/p>\n<p>Les reproductions, sur support papier ou informatique, dudit site et des \u0153uvres qui y sont reproduites sont autoris\u00e9es \u00e0 condition qu\u2019elles soient strictement r\u00e9serv\u00e9es \u00e0 un usage personnel et priv\u00e9. Ceci exclut toute utilisation \u00e0 des fins publicitaires et\/ou commerciales, et\/ou d\u2019information, et\/ou qu\u2019elles soient conformes aux dispositions de l\u2019article L.122-5 du Code de la propri\u00e9t\u00e9 intellectuelle.<\/p>\n<p>Toute reproduction, repr\u00e9sentation, utilisation ou modification, par quelque proc\u00e9d\u00e9 que ce soit et sur quelque support que ce soit, de tout ou partie du site, de tout ou partie des diff\u00e9rentes \u0153uvres qui le composent, sans avoir obtenu l\u2019autorisation pr\u00e9alable du directeur de la publication, est strictement interdite, constitue un acte de contrefa\u00e7on et peut donner lieu \u00e0 des poursuites civiles et\/ou p\u00e9nales, ainsi qu\u2019au paiement de dommages et int\u00e9r\u00eats.<\/p>\n<h2>Acc\u00e8s au site<\/h2>\n<p>L\u2019utilisateur du site www.villa-prestige-service.com reconna\u00eet disposer de la comp\u00e9tence et des moyens n\u00e9cessaires pour acc\u00e9der et utiliser ce site.<\/p>\n<p>SARL VILLA PRESTIGE &amp; SERVICES ne saurait \u00eatre tenue responsable des \u00e9l\u00e9ments et \u00e9v\u00e9nements ind\u00e9pendants de sa volont\u00e9 li\u00e9s \u00e0 l\u2019utilisation du site et de leurs effets, ou des incompatibilit\u00e9s mat\u00e9rielles et\/ou logicielles et des dommages pouvant en r\u00e9sulter pour l\u2019environnement technique de l\u2019utilisateur, notamment pour ses ordinateurs, logiciels, \u00e9quipements r\u00e9seaux et tout autre mat\u00e9riel utilis\u00e9 pour acc\u00e9der ou utiliser le service et\/ou les informations.<\/p>\n<p>Il est rappel\u00e9 que le fait d\u2019acc\u00e9der ou de se maintenir frauduleusement dans un syst\u00e8me informatique, d\u2019entraver ou de fausser son fonctionnement, d\u2019introduire ou de modifier frauduleusement des donn\u00e9es dans un tel syst\u00e8me constitue une infraction passible de sanctions p\u00e9nales.<\/p>\n<h2>Protection des donn\u00e9es personnelles<\/h2>\n<p>Toutes les donn\u00e9es collect\u00e9es sur ce site, par quelque moyen que ce soit, sont destin\u00e9es \u00e0 l\u2019usage exclusif de la soci\u00e9t\u00e9 SARL VILLA PRESTIGE &amp; SERVICES.<\/p>\n<p>Conform\u00e9ment \u00e0 l\u2019article 34 de la loi n\u00b078-17 Informatique et Libert\u00e9s du 6 janvier 1978 modifi\u00e9e, et au R\u00e8glement G\u00e9n\u00e9ral sur la Protection des Donn\u00e9es (R\u00e8glement UE 2016\/679 \u2013 \u00ab RGPD \u00bb), vous disposez d\u2019un droit d\u2019acc\u00e8s, de modification, de rectification et de suppression des donn\u00e9es vous concernant.<\/p>\n<p><a href=\"https:\/\/www.villa-prestige-service.com\/fr\/mentions-legales\/\" target=\"_blank\" rel=\"noopener\">En savoir plus sur cette page<\/a><\/p>\n                    <\/div>\n    <\/div>\n<\/section>\n","protected":false},"excerpt":{"rendered":"","protected":false},"author":1,"featured_media":0,"parent":0,"menu_order":0,"comment_status":"closed","ping_status":"closed","template":"","meta":{"_acf_changed":false,"content-type":"","footnotes":""},"class_list":["post-1436","page","type-page","status-publish","hentry"],"acf":[],"yoast_head":"<!-- This site is optimized with the Yoast SEO Premium plugin v26.8 (Yoast SEO v26.8) - https:\/\/yoast.com\/product\/yoast-seo-premium-wordpress\/ -->\n<title>Mentions L\u00e9gales - Villas Prestige Services<\/title>\n<meta name=\"robots\" content=\"index, follow, max-snippet:-1, max-image-preview:large, max-video-preview:-1\" \/>\n<link rel=\"canonical\" href=\"https:\/\/www.villa-prestige-service.com\/fr\/mentions-legales\/\" \/>\n<meta property=\"og:locale\" content=\"fr_FR\" \/>\n<meta property=\"og:type\" content=\"article\" \/>\n<meta property=\"og:title\" content=\"Mentions L\u00e9gales\" \/>\n<meta property=\"og:url\" content=\"https:\/\/www.villa-prestige-service.com\/fr\/mentions-legales\/\" \/>\n<meta property=\"og:site_name\" content=\"Villas Prestige Services\" \/>\n<meta property=\"article:modified_time\" content=\"2026-01-19T12:11:01+00:00\" \/>\n<meta property=\"og:image\" content=\"https:\/\/www.villa-prestige-service.com\/wp-content\/uploads\/2025\/12\/villa-prince-stone-les-parcs-de-saint-tropez-view-scaled.jpg\" \/>\n\t<meta property=\"og:image:width\" content=\"2560\" \/>\n\t<meta property=\"og:image:height\" content=\"1705\" \/>\n\t<meta property=\"og:image:type\" content=\"image\/jpeg\" \/>\n<meta name=\"twitter:card\" content=\"summary_large_image\" \/>\n<script type=\"application\/ld+json\" class=\"yoast-schema-graph\">{\"@context\":\"https:\/\/schema.org\",\"@graph\":[{\"@type\":\"WebPage\",\"@id\":\"https:\/\/www.villa-prestige-service.com\/fr\/mentions-legales\/\",\"url\":\"https:\/\/www.villa-prestige-service.com\/fr\/mentions-legales\/\",\"name\":\"Mentions L\u00e9gales - Villas Prestige Services\",\"isPartOf\":{\"@id\":\"https:\/\/www.villa-prestige-service.com\/fr\/#website\"},\"datePublished\":\"2025-12-11T13:46:27+00:00\",\"dateModified\":\"2026-01-19T12:11:01+00:00\",\"breadcrumb\":{\"@id\":\"https:\/\/www.villa-prestige-service.com\/fr\/mentions-legales\/#breadcrumb\"},\"inLanguage\":\"fr-FR\",\"potentialAction\":[{\"@type\":\"ReadAction\",\"target\":[\"https:\/\/www.villa-prestige-service.com\/fr\/mentions-legales\/\"]}]},{\"@type\":\"BreadcrumbList\",\"@id\":\"https:\/\/www.villa-prestige-service.com\/fr\/mentions-legales\/#breadcrumb\",\"itemListElement\":[{\"@type\":\"ListItem\",\"position\":1,\"name\":\"Accueil\",\"item\":\"https:\/\/www.villa-prestige-service.com\/fr\/\"},{\"@type\":\"ListItem\",\"position\":2,\"name\":\"Mentions L\u00e9gales\"}]},{\"@type\":\"WebSite\",\"@id\":\"https:\/\/www.villa-prestige-service.com\/fr\/#website\",\"url\":\"https:\/\/www.villa-prestige-service.com\/fr\/\",\"name\":\"Villas Prestige Services\",\"description\":\"Villa rentals in Saint Tropez\",\"publisher\":{\"@id\":\"https:\/\/www.villa-prestige-service.com\/fr\/#organization\"},\"potentialAction\":[{\"@type\":\"SearchAction\",\"target\":{\"@type\":\"EntryPoint\",\"urlTemplate\":\"https:\/\/www.villa-prestige-service.com\/fr\/?s={search_term_string}\"},\"query-input\":{\"@type\":\"PropertyValueSpecification\",\"valueRequired\":true,\"valueName\":\"search_term_string\"}}],\"inLanguage\":\"fr-FR\"},{\"@type\":\"Organization\",\"@id\":\"https:\/\/www.villa-prestige-service.com\/fr\/#organization\",\"name\":\"Villas Prestige Services\",\"url\":\"https:\/\/www.villa-prestige-service.com\/fr\/\",\"logo\":{\"@type\":\"ImageObject\",\"inLanguage\":\"fr-FR\",\"@id\":\"https:\/\/www.villa-prestige-service.com\/fr\/#\/schema\/logo\/image\/\",\"url\":\"https:\/\/www.villa-prestige-service.com\/wp-content\/uploads\/2025\/11\/Calque_1.svg\",\"contentUrl\":\"https:\/\/www.villa-prestige-service.com\/wp-content\/uploads\/2025\/11\/Calque_1.svg\",\"caption\":\"Villas Prestige Services\"},\"image\":{\"@id\":\"https:\/\/www.villa-prestige-service.com\/fr\/#\/schema\/logo\/image\/\"},\"sameAs\":[\"https:\/\/www.instagram.com\/villasprestigeservices\/\"],\"description\":\"Our art is to provide tailor-made luxury villa rentals in Saint-Tropez, offering exceptional properties & unforgettable holiday experiences since 1989\",\"email\":\"info@villa-prestige-service.com\",\"telephone\":\"+33 (0)4 94 97 30 78\",\"legalName\":\"VILLAS PRESTIGE AND SERVICES\",\"foundingDate\":\"1989-03-07\",\"vatID\":\"FR92447974965\",\"numberOfEmployees\":{\"@type\":\"QuantitativeValue\",\"minValue\":\"1\",\"maxValue\":\"10\"}}]}<\/script>\n<!-- \/ Yoast SEO Premium plugin. -->","yoast_head_json":{"title":"Mentions L\u00e9gales - Villas Prestige Services","robots":{"index":"index","follow":"follow","max-snippet":"max-snippet:-1","max-image-preview":"max-image-preview:large","max-video-preview":"max-video-preview:-1"},"canonical":"https:\/\/www.villa-prestige-service.com\/fr\/mentions-legales\/","og_locale":"fr_FR","og_type":"article","og_title":"Mentions L\u00e9gales","og_url":"https:\/\/www.villa-prestige-service.com\/fr\/mentions-legales\/","og_site_name":"Villas Prestige Services","article_modified_time":"2026-01-19T12:11:01+00:00","og_image":[{"width":2560,"height":1705,"url":"https:\/\/www.villa-prestige-service.com\/wp-content\/uploads\/2025\/12\/villa-prince-stone-les-parcs-de-saint-tropez-view-scaled.jpg","type":"image\/jpeg"}],"twitter_card":"summary_large_image","schema":{"@context":"https:\/\/schema.org","@graph":[{"@type":"WebPage","@id":"https:\/\/www.villa-prestige-service.com\/fr\/mentions-legales\/","url":"https:\/\/www.villa-prestige-service.com\/fr\/mentions-legales\/","name":"Mentions L\u00e9gales - Villas Prestige Services","isPartOf":{"@id":"https:\/\/www.villa-prestige-service.com\/fr\/#website"},"datePublished":"2025-12-11T13:46:27+00:00","dateModified":"2026-01-19T12:11:01+00:00","breadcrumb":{"@id":"https:\/\/www.villa-prestige-service.com\/fr\/mentions-legales\/#breadcrumb"},"inLanguage":"fr-FR","potentialAction":[{"@type":"ReadAction","target":["https:\/\/www.villa-prestige-service.com\/fr\/mentions-legales\/"]}]},{"@type":"BreadcrumbList","@id":"https:\/\/www.villa-prestige-service.com\/fr\/mentions-legales\/#breadcrumb","itemListElement":[{"@type":"ListItem","position":1,"name":"Accueil","item":"https:\/\/www.villa-prestige-service.com\/fr\/"},{"@type":"ListItem","position":2,"name":"Mentions L\u00e9gales"}]},{"@type":"WebSite","@id":"https:\/\/www.villa-prestige-service.com\/fr\/#website","url":"https:\/\/www.villa-prestige-service.com\/fr\/","name":"Villas Prestige Services","description":"Villa rentals in Saint Tropez","publisher":{"@id":"https:\/\/www.villa-prestige-service.com\/fr\/#organization"},"potentialAction":[{"@type":"SearchAction","target":{"@type":"EntryPoint","urlTemplate":"https:\/\/www.villa-prestige-service.com\/fr\/?s={search_term_string}"},"query-input":{"@type":"PropertyValueSpecification","valueRequired":true,"valueName":"search_term_string"}}],"inLanguage":"fr-FR"},{"@type":"Organization","@id":"https:\/\/www.villa-prestige-service.com\/fr\/#organization","name":"Villas Prestige Services","url":"https:\/\/www.villa-prestige-service.com\/fr\/","logo":{"@type":"ImageObject","inLanguage":"fr-FR","@id":"https:\/\/www.villa-prestige-service.com\/fr\/#\/schema\/logo\/image\/","url":"https:\/\/www.villa-prestige-service.com\/wp-content\/uploads\/2025\/11\/Calque_1.svg","contentUrl":"https:\/\/www.villa-prestige-service.com\/wp-content\/uploads\/2025\/11\/Calque_1.svg","caption":"Villas Prestige Services"},"image":{"@id":"https:\/\/www.villa-prestige-service.com\/fr\/#\/schema\/logo\/image\/"},"sameAs":["https:\/\/www.instagram.com\/villasprestigeservices\/"],"description":"Our art is to provide tailor-made luxury villa rentals in Saint-Tropez, offering exceptional properties & unforgettable holiday experiences since 1989","email":"info@villa-prestige-service.com","telephone":"+33 (0)4 94 97 30 78","legalName":"VILLAS PRESTIGE AND SERVICES","foundingDate":"1989-03-07","vatID":"FR92447974965","numberOfEmployees":{"@type":"QuantitativeValue","minValue":"1","maxValue":"10"}}]}},"_links":{"self":[{"href":"https:\/\/www.villa-prestige-service.com\/fr\/wp-json\/wp\/v2\/pages\/1436","targetHints":{"allow":["GET"]}}],"collection":[{"href":"https:\/\/www.villa-prestige-service.com\/fr\/wp-json\/wp\/v2\/pages"}],"about":[{"href":"https:\/\/www.villa-prestige-service.com\/fr\/wp-json\/wp\/v2\/types\/page"}],"author":[{"embeddable":true,"href":"https:\/\/www.villa-prestige-service.com\/fr\/wp-json\/wp\/v2\/users\/1"}],"replies":[{"embeddable":true,"href":"https:\/\/www.villa-prestige-service.com\/fr\/wp-json\/wp\/v2\/comments?post=1436"}],"version-history":[{"count":2,"href":"https:\/\/www.villa-prestige-service.com\/fr\/wp-json\/wp\/v2\/pages\/1436\/revisions"}],"predecessor-version":[{"id":1438,"href":"https:\/\/www.villa-prestige-service.com\/fr\/wp-json\/wp\/v2\/pages\/1436\/revisions\/1438"}],"wp:attachment":[{"href":"https:\/\/www.villa-prestige-service.com\/fr\/wp-json\/wp\/v2\/media?parent=1436"}],"curies":[{"name":"wp","href":"https:\/\/api.w.org\/{rel}","templated":true}]}}