{"id":1446,"date":"2025-11-20T11:05:04","date_gmt":"2025-11-20T10:05:04","guid":{"rendered":"https:\/\/www.villa-prestige-service.com\/contact\/"},"modified":"2026-03-13T15:32:47","modified_gmt":"2026-03-13T14:32:47","slug":"contact","status":"publish","type":"page","link":"https:\/\/www.villa-prestige-service.com\/fr\/contact\/","title":{"rendered":"Contact"},"content":{"rendered":"<section\n        class=\"contact contact-1446\"\n        class=\"align wp-block-thm-contact\"        id=\"\">\n    <div class=\"container\">\n                    <div class=\"contact__breadcrumbs hidden-for-mobile\">\n                <nav class=\"breadcrumbs\" id=\"breadcrumbs\"><span><span><a href=\"https:\/\/www.villa-prestige-service.com\/fr\/\">Accueil<\/a><\/span><\/span><\/nav>            <\/div>\n                            <h1 class=\"h1 contact__title\">\n                Votre voyage commence ici            <\/h1>\n                            <p class=\"contact__text\">\n                Parlez-nous de votre prochaine escapade.<br \/>\r\nNotre \u00e9quipe imaginera une exp\u00e9rience sur mesure, fid\u00e8le \u00e0 l\u2019esprit de la Riviera.            <\/p>\n                <div class=\"contact__list\">\n            <div class=\"contact__item phone\">\n                                    <h3 class=\"phone__title\">\n                        T\u00c9L\u00c9PHONE                    <\/h3>\n                                                    <ul class=\"phone__numbers-list\">\n                                                <li class=\"phone__number\">\n                            France :                            <a href=\"tel:+330494973078\"  class=\"phone__link\">+33 (0)4 94 97 30 78<\/a>                        <\/li>\n                                                <li class=\"phone__number\">\n                            Royaume-Uni :                            <a href=\"tel:+447481342337\"  class=\"phone__link\">+44 74 81 34 23 37<\/a>                        <\/li>\n                                                <li class=\"phone__number\">\n                            USA :                            <a href=\"tel:+16462332274\"  class=\"phone__link\">+1 646 233 2274<\/a>                        <\/li>\n                                                <li class=\"phone__number\">\n                            WhatsApp :                            <a href=\"tel:+33645101111\"  class=\"phone__link\">+33 6 45 10 11 11<\/a>                        <\/li>\n                                            <\/ul>\n                \n            <\/div>\n            <div class=\"contact__item hours\">\n                                    <h3 class=\"hours__title\">\n                        HORAIRES                    <\/h3>\n                                                    <p class=\"hours__text\">\n                        9H00 &#8211; 19H00                    <\/p>\n                            <\/div>\n            <div class=\"contact__item email\">\n                                    <h3 class=\"email__title\">\n                        EMAIL                    <\/h3>\n                                                    <a href=\"mailto:http:\/\/info@villa-prestige-service.com\" class=\"email__link\" target=\"_blank\" title=\"EMAIL: info@villa-prestige-service.com\">\n                        info@villa-prestige-service.com                    <\/a>\n                            <\/div>\n        <\/div>\n                    <div class=\"contact__form\">\n                \n\t\t\t\t\t\t<script>\n\t\t\t\t\t\t\twindow.hsFormsOnReady = window.hsFormsOnReady || [];\n\t\t\t\t\t\t\twindow.hsFormsOnReady.push(()=>{\n\t\t\t\t\t\t\t\thbspt.forms.create({\n\t\t\t\t\t\t\t\t\tportalId: 143376928,\n\t\t\t\t\t\t\t\t\tformId: \"adfa007d-9d77-41ea-bc41-9d55d253d179\",\n\t\t\t\t\t\t\t\t\ttarget: \"#hbspt-form-1778411368000-8956161718\",\n\t\t\t\t\t\t\t\t\tregion: \"eu1\",\n\t\t\t\t\t\t\t\t\t\n\t\t\t\t\t\t\t})});\n\t\t\t\t\t\t<\/script>\n\t\t\t\t\t\t<div class=\"hbspt-form\" id=\"hbspt-form-1778411368000-8956161718\"><\/div>            <\/div>\n            <\/div>\n<\/section>\n\n","protected":false},"excerpt":{"rendered":"","protected":false},"author":1,"featured_media":0,"parent":0,"menu_order":0,"comment_status":"closed","ping_status":"closed","template":"","meta":{"_acf_changed":false,"content-type":"","footnotes":""},"class_list":["post-1446","page","type-page","status-publish","hentry"],"acf":[],"yoast_head":"<!-- This site is optimized with the Yoast SEO Premium plugin v26.8 (Yoast SEO v26.8) - https:\/\/yoast.com\/product\/yoast-seo-premium-wordpress\/ -->\n<title>Contact - Villas Prestige Services<\/title>\n<meta name=\"robots\" content=\"index, follow, max-snippet:-1, max-image-preview:large, max-video-preview:-1\" \/>\n<link rel=\"canonical\" href=\"https:\/\/www.villa-prestige-service.com\/fr\/contact\/\" \/>\n<meta property=\"og:locale\" content=\"fr_FR\" \/>\n<meta property=\"og:type\" content=\"article\" \/>\n<meta property=\"og:title\" content=\"Contact\" \/>\n<meta property=\"og:url\" content=\"https:\/\/www.villa-prestige-service.com\/fr\/contact\/\" \/>\n<meta property=\"og:site_name\" content=\"Villas Prestige Services\" \/>\n<meta property=\"article:modified_time\" content=\"2026-03-13T14:32:47+00:00\" \/>\n<meta property=\"og:image\" content=\"https:\/\/www.villa-prestige-service.com\/wp-content\/uploads\/2025\/12\/villa-prince-stone-les-parcs-de-saint-tropez-view-scaled.jpg\" \/>\n\t<meta property=\"og:image:width\" content=\"2560\" \/>\n\t<meta property=\"og:image:height\" content=\"1705\" \/>\n\t<meta property=\"og:image:type\" content=\"image\/jpeg\" \/>\n<meta name=\"twitter:card\" content=\"summary_large_image\" \/>\n<script type=\"application\/ld+json\" class=\"yoast-schema-graph\">{\"@context\":\"https:\/\/schema.org\",\"@graph\":[{\"@type\":\"WebPage\",\"@id\":\"https:\/\/www.villa-prestige-service.com\/fr\/contact\/\",\"url\":\"https:\/\/www.villa-prestige-service.com\/fr\/contact\/\",\"name\":\"Contact - Villas Prestige Services\",\"isPartOf\":{\"@id\":\"https:\/\/www.villa-prestige-service.com\/fr\/#website\"},\"datePublished\":\"2025-11-20T10:05:04+00:00\",\"dateModified\":\"2026-03-13T14:32:47+00:00\",\"breadcrumb\":{\"@id\":\"https:\/\/www.villa-prestige-service.com\/fr\/contact\/#breadcrumb\"},\"inLanguage\":\"fr-FR\",\"potentialAction\":[{\"@type\":\"ReadAction\",\"target\":[\"https:\/\/www.villa-prestige-service.com\/fr\/contact\/\"]}]},{\"@type\":\"BreadcrumbList\",\"@id\":\"https:\/\/www.villa-prestige-service.com\/fr\/contact\/#breadcrumb\",\"itemListElement\":[{\"@type\":\"ListItem\",\"position\":1,\"name\":\"Accueil\",\"item\":\"https:\/\/www.villa-prestige-service.com\/fr\/\"},{\"@type\":\"ListItem\",\"position\":2,\"name\":\"Contact\"}]},{\"@type\":\"WebSite\",\"@id\":\"https:\/\/www.villa-prestige-service.com\/fr\/#website\",\"url\":\"https:\/\/www.villa-prestige-service.com\/fr\/\",\"name\":\"Villas Prestige Services\",\"description\":\"Villa rentals in Saint Tropez\",\"publisher\":{\"@id\":\"https:\/\/www.villa-prestige-service.com\/fr\/#organization\"},\"potentialAction\":[{\"@type\":\"SearchAction\",\"target\":{\"@type\":\"EntryPoint\",\"urlTemplate\":\"https:\/\/www.villa-prestige-service.com\/fr\/?s={search_term_string}\"},\"query-input\":{\"@type\":\"PropertyValueSpecification\",\"valueRequired\":true,\"valueName\":\"search_term_string\"}}],\"inLanguage\":\"fr-FR\"},{\"@type\":\"Organization\",\"@id\":\"https:\/\/www.villa-prestige-service.com\/fr\/#organization\",\"name\":\"Villas Prestige Services\",\"url\":\"https:\/\/www.villa-prestige-service.com\/fr\/\",\"logo\":{\"@type\":\"ImageObject\",\"inLanguage\":\"fr-FR\",\"@id\":\"https:\/\/www.villa-prestige-service.com\/fr\/#\/schema\/logo\/image\/\",\"url\":\"https:\/\/www.villa-prestige-service.com\/wp-content\/uploads\/2025\/11\/Calque_1.svg\",\"contentUrl\":\"https:\/\/www.villa-prestige-service.com\/wp-content\/uploads\/2025\/11\/Calque_1.svg\",\"caption\":\"Villas Prestige Services\"},\"image\":{\"@id\":\"https:\/\/www.villa-prestige-service.com\/fr\/#\/schema\/logo\/image\/\"},\"sameAs\":[\"https:\/\/www.instagram.com\/villasprestigeservices\/\"],\"description\":\"Our art is to provide tailor-made luxury villa rentals in Saint-Tropez, offering exceptional properties & unforgettable holiday experiences since 1989\",\"email\":\"info@villa-prestige-service.com\",\"telephone\":\"+33 (0)4 94 97 30 78\",\"legalName\":\"VILLAS PRESTIGE AND SERVICES\",\"foundingDate\":\"1989-03-07\",\"vatID\":\"FR92447974965\",\"numberOfEmployees\":{\"@type\":\"QuantitativeValue\",\"minValue\":\"1\",\"maxValue\":\"10\"}}]}<\/script>\n<!-- \/ Yoast SEO Premium plugin. -->","yoast_head_json":{"title":"Contact - Villas Prestige Services","robots":{"index":"index","follow":"follow","max-snippet":"max-snippet:-1","max-image-preview":"max-image-preview:large","max-video-preview":"max-video-preview:-1"},"canonical":"https:\/\/www.villa-prestige-service.com\/fr\/contact\/","og_locale":"fr_FR","og_type":"article","og_title":"Contact","og_url":"https:\/\/www.villa-prestige-service.com\/fr\/contact\/","og_site_name":"Villas Prestige Services","article_modified_time":"2026-03-13T14:32:47+00:00","og_image":[{"width":2560,"height":1705,"url":"https:\/\/www.villa-prestige-service.com\/wp-content\/uploads\/2025\/12\/villa-prince-stone-les-parcs-de-saint-tropez-view-scaled.jpg","type":"image\/jpeg"}],"twitter_card":"summary_large_image","schema":{"@context":"https:\/\/schema.org","@graph":[{"@type":"WebPage","@id":"https:\/\/www.villa-prestige-service.com\/fr\/contact\/","url":"https:\/\/www.villa-prestige-service.com\/fr\/contact\/","name":"Contact - Villas Prestige Services","isPartOf":{"@id":"https:\/\/www.villa-prestige-service.com\/fr\/#website"},"datePublished":"2025-11-20T10:05:04+00:00","dateModified":"2026-03-13T14:32:47+00:00","breadcrumb":{"@id":"https:\/\/www.villa-prestige-service.com\/fr\/contact\/#breadcrumb"},"inLanguage":"fr-FR","potentialAction":[{"@type":"ReadAction","target":["https:\/\/www.villa-prestige-service.com\/fr\/contact\/"]}]},{"@type":"BreadcrumbList","@id":"https:\/\/www.villa-prestige-service.com\/fr\/contact\/#breadcrumb","itemListElement":[{"@type":"ListItem","position":1,"name":"Accueil","item":"https:\/\/www.villa-prestige-service.com\/fr\/"},{"@type":"ListItem","position":2,"name":"Contact"}]},{"@type":"WebSite","@id":"https:\/\/www.villa-prestige-service.com\/fr\/#website","url":"https:\/\/www.villa-prestige-service.com\/fr\/","name":"Villas Prestige Services","description":"Villa rentals in Saint Tropez","publisher":{"@id":"https:\/\/www.villa-prestige-service.com\/fr\/#organization"},"potentialAction":[{"@type":"SearchAction","target":{"@type":"EntryPoint","urlTemplate":"https:\/\/www.villa-prestige-service.com\/fr\/?s={search_term_string}"},"query-input":{"@type":"PropertyValueSpecification","valueRequired":true,"valueName":"search_term_string"}}],"inLanguage":"fr-FR"},{"@type":"Organization","@id":"https:\/\/www.villa-prestige-service.com\/fr\/#organization","name":"Villas Prestige Services","url":"https:\/\/www.villa-prestige-service.com\/fr\/","logo":{"@type":"ImageObject","inLanguage":"fr-FR","@id":"https:\/\/www.villa-prestige-service.com\/fr\/#\/schema\/logo\/image\/","url":"https:\/\/www.villa-prestige-service.com\/wp-content\/uploads\/2025\/11\/Calque_1.svg","contentUrl":"https:\/\/www.villa-prestige-service.com\/wp-content\/uploads\/2025\/11\/Calque_1.svg","caption":"Villas Prestige Services"},"image":{"@id":"https:\/\/www.villa-prestige-service.com\/fr\/#\/schema\/logo\/image\/"},"sameAs":["https:\/\/www.instagram.com\/villasprestigeservices\/"],"description":"Our art is to provide tailor-made luxury villa rentals in Saint-Tropez, offering exceptional properties & unforgettable holiday experiences since 1989","email":"info@villa-prestige-service.com","telephone":"+33 (0)4 94 97 30 78","legalName":"VILLAS PRESTIGE AND SERVICES","foundingDate":"1989-03-07","vatID":"FR92447974965","numberOfEmployees":{"@type":"QuantitativeValue","minValue":"1","maxValue":"10"}}]}},"_links":{"self":[{"href":"https:\/\/www.villa-prestige-service.com\/fr\/wp-json\/wp\/v2\/pages\/1446","targetHints":{"allow":["GET"]}}],"collection":[{"href":"https:\/\/www.villa-prestige-service.com\/fr\/wp-json\/wp\/v2\/pages"}],"about":[{"href":"https:\/\/www.villa-prestige-service.com\/fr\/wp-json\/wp\/v2\/types\/page"}],"author":[{"embeddable":true,"href":"https:\/\/www.villa-prestige-service.com\/fr\/wp-json\/wp\/v2\/users\/1"}],"replies":[{"embeddable":true,"href":"https:\/\/www.villa-prestige-service.com\/fr\/wp-json\/wp\/v2\/comments?post=1446"}],"version-history":[{"count":5,"href":"https:\/\/www.villa-prestige-service.com\/fr\/wp-json\/wp\/v2\/pages\/1446\/revisions"}],"predecessor-version":[{"id":2480,"href":"https:\/\/www.villa-prestige-service.com\/fr\/wp-json\/wp\/v2\/pages\/1446\/revisions\/2480"}],"wp:attachment":[{"href":"https:\/\/www.villa-prestige-service.com\/fr\/wp-json\/wp\/v2\/media?parent=1446"}],"curies":[{"name":"wp","href":"https:\/\/api.w.org\/{rel}","templated":true}]}}