{"id":1938,"date":"2025-11-27T13:34:35","date_gmt":"2025-11-27T12:34:35","guid":{"rendered":"https:\/\/www.villa-prestige-service.com\/riviera-journal\/"},"modified":"2026-01-21T10:01:02","modified_gmt":"2026-01-21T09:01:02","slug":"riviera-journal","status":"publish","type":"page","link":"https:\/\/www.villa-prestige-service.com\/fr\/riviera-journal\/","title":{"rendered":"Riviera Journal"},"content":{"rendered":"<section\n        class=\"all-blog-posts all-blog-posts-1938\"\n        class=\"align wp-block-thm-all-blog-posts\"        id=\"\">\n    <div class=\"container\">\n                    <div class=\"all-blog-posts__breadcrumbs hidden-for-mobile\">\n                <nav class=\"breadcrumbs\" id=\"breadcrumbs\"><span><span><a href=\"https:\/\/www.villa-prestige-service.com\/fr\/\">Accueil<\/a><\/span><\/span><\/nav>            <\/div>\n                            <h1 class=\"all-blog-posts__title\">\n                Histoires inspir\u00e9es de la C\u00f4te d\u2019Azur            <\/h1>\n        \n                    <div class=\"all-blog-posts__list\">\n                \r\n<article class=\"post-card all-blog-posts__card\">\r\n        <a href=\"https:\/\/www.villa-prestige-service.com\/fr\/riviera-journal\/les-coulisses-de-notre-film\/\" class=\"post-card__image\">\r\n            <img decoding=\"async\" width=\"1080\" height=\"1350\" data-src=\"https:\/\/www.villa-prestige-service.com\/wp-content\/uploads\/2026\/04\/saint-tropez-rental-house.jpg\" class=\"attachment-post-image size-post-image lazyload\" alt=\"\" data-srcset=\"https:\/\/www.villa-prestige-service.com\/wp-content\/uploads\/2026\/04\/saint-tropez-rental-house.jpg 1080w, https:\/\/www.villa-prestige-service.com\/wp-content\/uploads\/2026\/04\/saint-tropez-rental-house-240x300.jpg 240w, https:\/\/www.villa-prestige-service.com\/wp-content\/uploads\/2026\/04\/saint-tropez-rental-house-819x1024.jpg 819w, https:\/\/www.villa-prestige-service.com\/wp-content\/uploads\/2026\/04\/saint-tropez-rental-house-768x960.jpg 768w, https:\/\/www.villa-prestige-service.com\/wp-content\/uploads\/2026\/04\/saint-tropez-rental-house-29x36.jpg 29w, https:\/\/www.villa-prestige-service.com\/wp-content\/uploads\/2026\/04\/saint-tropez-rental-house-14x18.jpg 14w, https:\/\/www.villa-prestige-service.com\/wp-content\/uploads\/2026\/04\/saint-tropez-rental-house-33x41.jpg 33w\" data-sizes=\"auto\" src=\"data:image\/svg+xml;base64,PHN2ZyB3aWR0aD0iMSIgaGVpZ2h0PSIxIiB4bWxucz0iaHR0cDovL3d3dy53My5vcmcvMjAwMC9zdmciPjwvc3ZnPg==\" style=\"--smush-placeholder-width: 1080px; --smush-placeholder-aspect-ratio: 1080\/1350;\" data-original-sizes=\"(max-width: 1080px) 100vw, 1080px\" \/>        <\/a>\r\n\r\n            <h3 class=\"post-card__title h3\">\r\n            Les coulisses de notre film        <\/h3>\r\n    \r\n            <p class=\"post-card__text\">\r\n            Bien avant que la premi\u00e8re prise ne soit tourn\u00e9e, ce projet a vu le jour apr\u00e8s des mois de r\u00e9flexion,&#8230;        <\/p>\r\n    \r\n            <span class=\"post-card__time\">\r\n            <strong>Lecture :<\/strong> 3 min        <\/span>\r\n    \r\n\r\n<\/article>\r\n\r\n<article class=\"post-card all-blog-posts__card\">\r\n        <a href=\"https:\/\/www.villa-prestige-service.com\/fr\/riviera-journal\/sailgp-les-voiles-de-saint-tropez\/\" class=\"post-card__image\">\r\n            <img decoding=\"async\" width=\"1200\" height=\"1500\" data-src=\"https:\/\/www.villa-prestige-service.com\/wp-content\/uploads\/2026\/01\/SailGP-voiles-de-saint-tropez.png\" class=\"attachment-post-image size-post-image lazyload\" alt=\"\" data-srcset=\"https:\/\/www.villa-prestige-service.com\/wp-content\/uploads\/2026\/01\/SailGP-voiles-de-saint-tropez.png 1200w, https:\/\/www.villa-prestige-service.com\/wp-content\/uploads\/2026\/01\/SailGP-voiles-de-saint-tropez-240x300.png 240w, https:\/\/www.villa-prestige-service.com\/wp-content\/uploads\/2026\/01\/SailGP-voiles-de-saint-tropez-819x1024.png 819w, https:\/\/www.villa-prestige-service.com\/wp-content\/uploads\/2026\/01\/SailGP-voiles-de-saint-tropez-768x960.png 768w, https:\/\/www.villa-prestige-service.com\/wp-content\/uploads\/2026\/01\/SailGP-voiles-de-saint-tropez-29x36.png 29w, https:\/\/www.villa-prestige-service.com\/wp-content\/uploads\/2026\/01\/SailGP-voiles-de-saint-tropez-14x18.png 14w, https:\/\/www.villa-prestige-service.com\/wp-content\/uploads\/2026\/01\/SailGP-voiles-de-saint-tropez-33x41.png 33w\" data-sizes=\"auto\" src=\"data:image\/svg+xml;base64,PHN2ZyB3aWR0aD0iMSIgaGVpZ2h0PSIxIiB4bWxucz0iaHR0cDovL3d3dy53My5vcmcvMjAwMC9zdmciPjwvc3ZnPg==\" style=\"--smush-placeholder-width: 1200px; --smush-placeholder-aspect-ratio: 1200\/1500;\" data-original-sizes=\"(max-width: 1200px) 100vw, 1200px\" \/>        <\/a>\r\n\r\n            <h3 class=\"post-card__title h3\">\r\n            SailGP &amp; Les Voiles de Saint-Tropez        <\/h3>\r\n    \r\n            <p class=\"post-card__text\">\r\n            Chaque mois de septembre, Saint-Tropez se transforme en capitale mondiale de la voile, accueillant deux des \u00e9v\u00e9nements les plus embl\u00e9matiques&#8230;        <\/p>\r\n    \r\n            <span class=\"post-card__time\">\r\n            <strong>Lecture :<\/strong> 1 min        <\/span>\r\n    \r\n\r\n<\/article>\r\n\r\n<article class=\"post-card all-blog-posts__card\">\r\n        <a href=\"https:\/\/www.villa-prestige-service.com\/fr\/riviera-journal\/saint-tropez-au-printemps-2026-une-saison-entre-culture-voile-et-art-de-vivre-en-bord-de-mer\/\" class=\"post-card__image\">\r\n            <img decoding=\"async\" width=\"1200\" height=\"1500\" data-src=\"https:\/\/www.villa-prestige-service.com\/wp-content\/uploads\/2026\/01\/Springtime-in-saint-tropez.png\" class=\"attachment-post-image size-post-image lazyload\" alt=\"\" data-srcset=\"https:\/\/www.villa-prestige-service.com\/wp-content\/uploads\/2026\/01\/Springtime-in-saint-tropez.png 1200w, https:\/\/www.villa-prestige-service.com\/wp-content\/uploads\/2026\/01\/Springtime-in-saint-tropez-240x300.png 240w, https:\/\/www.villa-prestige-service.com\/wp-content\/uploads\/2026\/01\/Springtime-in-saint-tropez-819x1024.png 819w, https:\/\/www.villa-prestige-service.com\/wp-content\/uploads\/2026\/01\/Springtime-in-saint-tropez-768x960.png 768w, https:\/\/www.villa-prestige-service.com\/wp-content\/uploads\/2026\/01\/Springtime-in-saint-tropez-29x36.png 29w, https:\/\/www.villa-prestige-service.com\/wp-content\/uploads\/2026\/01\/Springtime-in-saint-tropez-14x18.png 14w, https:\/\/www.villa-prestige-service.com\/wp-content\/uploads\/2026\/01\/Springtime-in-saint-tropez-33x41.png 33w\" data-sizes=\"auto\" src=\"data:image\/svg+xml;base64,PHN2ZyB3aWR0aD0iMSIgaGVpZ2h0PSIxIiB4bWxucz0iaHR0cDovL3d3dy53My5vcmcvMjAwMC9zdmciPjwvc3ZnPg==\" style=\"--smush-placeholder-width: 1200px; --smush-placeholder-aspect-ratio: 1200\/1500;\" data-original-sizes=\"(max-width: 1200px) 100vw, 1200px\" \/>        <\/a>\r\n\r\n            <h3 class=\"post-card__title h3\">\r\n            Saint-Tropez au printemps 2026 : une saison entre culture, voile et art de vivre en bord de mer        <\/h3>\r\n    \r\n            <p class=\"post-card__text\">\r\n            Chaque printemps, Saint-Tropez d\u00e9voile une facette plus douce et plus authentique de sa personnalit\u00e9.        <\/p>\r\n    \r\n            <span class=\"post-card__time\">\r\n            <strong>Lecture :<\/strong> 4 min        <\/span>\r\n    \r\n\r\n<\/article>\r\n\r\n<article class=\"post-card all-blog-posts__card\">\r\n        <a href=\"https:\/\/www.villa-prestige-service.com\/fr\/riviera-journal\/our-participation-in-the-longines-athina-onassis-horse-show\/\" class=\"post-card__image\">\r\n            <img decoding=\"async\" width=\"1200\" height=\"1500\" data-src=\"https:\/\/www.villa-prestige-service.com\/wp-content\/uploads\/2025\/11\/VISUELS-PORTRAIT-2.png\" class=\"attachment-post-image size-post-image lazyload\" alt=\"\" data-srcset=\"https:\/\/www.villa-prestige-service.com\/wp-content\/uploads\/2025\/11\/VISUELS-PORTRAIT-2.png 1200w, https:\/\/www.villa-prestige-service.com\/wp-content\/uploads\/2025\/11\/VISUELS-PORTRAIT-2-240x300.png 240w, https:\/\/www.villa-prestige-service.com\/wp-content\/uploads\/2025\/11\/VISUELS-PORTRAIT-2-819x1024.png 819w, https:\/\/www.villa-prestige-service.com\/wp-content\/uploads\/2025\/11\/VISUELS-PORTRAIT-2-768x960.png 768w, https:\/\/www.villa-prestige-service.com\/wp-content\/uploads\/2025\/11\/VISUELS-PORTRAIT-2-29x36.png 29w, https:\/\/www.villa-prestige-service.com\/wp-content\/uploads\/2025\/11\/VISUELS-PORTRAIT-2-14x18.png 14w, https:\/\/www.villa-prestige-service.com\/wp-content\/uploads\/2025\/11\/VISUELS-PORTRAIT-2-33x41.png 33w\" data-sizes=\"auto\" src=\"data:image\/svg+xml;base64,PHN2ZyB3aWR0aD0iMSIgaGVpZ2h0PSIxIiB4bWxucz0iaHR0cDovL3d3dy53My5vcmcvMjAwMC9zdmciPjwvc3ZnPg==\" style=\"--smush-placeholder-width: 1200px; --smush-placeholder-aspect-ratio: 1200\/1500;\" data-original-sizes=\"(max-width: 1200px) 100vw, 1200px\" \/>        <\/a>\r\n\r\n            <h3 class=\"post-card__title h3\">\r\n            Notre participation au Longines Athina Onassis Horse Show        <\/h3>\r\n    \r\n            <p class=\"post-card__text\">\r\n            Du 1er au 3 juin, toute l\u2019\u00e9quipe VPS \u00e9tait pr\u00e9sente sur le stand Villas Prestige &amp; Services pour participer \u00e0&#8230;        <\/p>\r\n    \r\n            <span class=\"post-card__time\">\r\n            <strong>Lecture :<\/strong> 1 min        <\/span>\r\n    \r\n\r\n<\/article>\r\n            <\/div>\n\n            <!--\n                <div class=\"all-blog-posts__pagination\">\n                                    <\/div>\n            -->\n                        <\/div>\n<\/section>","protected":false},"excerpt":{"rendered":"","protected":false},"author":1,"featured_media":0,"parent":0,"menu_order":0,"comment_status":"closed","ping_status":"closed","template":"","meta":{"_acf_changed":false,"content-type":"","footnotes":""},"class_list":["post-1938","page","type-page","status-publish","hentry"],"acf":[],"yoast_head":"<!-- This site is optimized with the Yoast SEO Premium plugin v26.8 (Yoast SEO v26.8) - https:\/\/yoast.com\/product\/yoast-seo-premium-wordpress\/ -->\n<title>Journal Art de Vivre &amp; Voyages \u00e0 Saint-Tropez - Villas Prestige Services<\/title>\n<meta name=\"description\" content=\"Riviera Journal explore l\u2019art de vivre \u00e0 Saint-Tropez. Villas, inspirations de voyage, culture locale et exp\u00e9riences s\u00e9lectionn\u00e9es sur la Riviera.\" \/>\n<meta name=\"robots\" content=\"index, follow, max-snippet:-1, max-image-preview:large, max-video-preview:-1\" \/>\n<link rel=\"canonical\" href=\"https:\/\/www.villa-prestige-service.com\/fr\/riviera-journal\/\" \/>\n<meta property=\"og:locale\" content=\"fr_FR\" \/>\n<meta property=\"og:type\" content=\"article\" \/>\n<meta property=\"og:title\" content=\"Riviera Journal\" \/>\n<meta property=\"og:url\" content=\"https:\/\/www.villa-prestige-service.com\/fr\/riviera-journal\/\" \/>\n<meta property=\"og:site_name\" content=\"Villas Prestige Services\" \/>\n<meta property=\"article:modified_time\" content=\"2026-01-21T09:01:02+00:00\" \/>\n<meta property=\"og:image\" content=\"https:\/\/www.villa-prestige-service.com\/wp-content\/uploads\/2025\/12\/villa-prince-stone-les-parcs-de-saint-tropez-view-scaled.jpg\" \/>\n\t<meta property=\"og:image:width\" content=\"2560\" \/>\n\t<meta property=\"og:image:height\" content=\"1705\" \/>\n\t<meta property=\"og:image:type\" content=\"image\/jpeg\" \/>\n<meta name=\"twitter:card\" content=\"summary_large_image\" \/>\n<script type=\"application\/ld+json\" class=\"yoast-schema-graph\">{\"@context\":\"https:\/\/schema.org\",\"@graph\":[{\"@type\":\"WebPage\",\"@id\":\"https:\/\/www.villa-prestige-service.com\/fr\/riviera-journal\/\",\"url\":\"https:\/\/www.villa-prestige-service.com\/fr\/riviera-journal\/\",\"name\":\"Journal Art de Vivre & Voyages \u00e0 Saint-Tropez - Villas Prestige Services\",\"isPartOf\":{\"@id\":\"https:\/\/www.villa-prestige-service.com\/fr\/#website\"},\"datePublished\":\"2025-11-27T12:34:35+00:00\",\"dateModified\":\"2026-01-21T09:01:02+00:00\",\"description\":\"Riviera Journal explore l\u2019art de vivre \u00e0 Saint-Tropez. Villas, inspirations de voyage, culture locale et exp\u00e9riences s\u00e9lectionn\u00e9es sur la Riviera.\",\"breadcrumb\":{\"@id\":\"https:\/\/www.villa-prestige-service.com\/fr\/riviera-journal\/#breadcrumb\"},\"inLanguage\":\"fr-FR\",\"potentialAction\":[{\"@type\":\"ReadAction\",\"target\":[\"https:\/\/www.villa-prestige-service.com\/fr\/riviera-journal\/\"]}]},{\"@type\":\"BreadcrumbList\",\"@id\":\"https:\/\/www.villa-prestige-service.com\/fr\/riviera-journal\/#breadcrumb\",\"itemListElement\":[{\"@type\":\"ListItem\",\"position\":1,\"name\":\"Accueil\",\"item\":\"https:\/\/www.villa-prestige-service.com\/fr\/\"},{\"@type\":\"ListItem\",\"position\":2,\"name\":\"Riviera Journal\"}]},{\"@type\":\"WebSite\",\"@id\":\"https:\/\/www.villa-prestige-service.com\/fr\/#website\",\"url\":\"https:\/\/www.villa-prestige-service.com\/fr\/\",\"name\":\"Villas Prestige Services\",\"description\":\"Villa rentals in Saint Tropez\",\"publisher\":{\"@id\":\"https:\/\/www.villa-prestige-service.com\/fr\/#organization\"},\"potentialAction\":[{\"@type\":\"SearchAction\",\"target\":{\"@type\":\"EntryPoint\",\"urlTemplate\":\"https:\/\/www.villa-prestige-service.com\/fr\/?s={search_term_string}\"},\"query-input\":{\"@type\":\"PropertyValueSpecification\",\"valueRequired\":true,\"valueName\":\"search_term_string\"}}],\"inLanguage\":\"fr-FR\"},{\"@type\":\"Organization\",\"@id\":\"https:\/\/www.villa-prestige-service.com\/fr\/#organization\",\"name\":\"Villas Prestige Services\",\"url\":\"https:\/\/www.villa-prestige-service.com\/fr\/\",\"logo\":{\"@type\":\"ImageObject\",\"inLanguage\":\"fr-FR\",\"@id\":\"https:\/\/www.villa-prestige-service.com\/fr\/#\/schema\/logo\/image\/\",\"url\":\"https:\/\/www.villa-prestige-service.com\/wp-content\/uploads\/2025\/11\/Calque_1.svg\",\"contentUrl\":\"https:\/\/www.villa-prestige-service.com\/wp-content\/uploads\/2025\/11\/Calque_1.svg\",\"caption\":\"Villas Prestige Services\"},\"image\":{\"@id\":\"https:\/\/www.villa-prestige-service.com\/fr\/#\/schema\/logo\/image\/\"},\"sameAs\":[\"https:\/\/www.instagram.com\/villasprestigeservices\/\"],\"description\":\"Our art is to provide tailor-made luxury villa rentals in Saint-Tropez, offering exceptional properties & unforgettable holiday experiences since 1989\",\"email\":\"info@villa-prestige-service.com\",\"telephone\":\"+33 (0)4 94 97 30 78\",\"legalName\":\"VILLAS PRESTIGE AND SERVICES\",\"foundingDate\":\"1989-03-07\",\"vatID\":\"FR92447974965\",\"numberOfEmployees\":{\"@type\":\"QuantitativeValue\",\"minValue\":\"1\",\"maxValue\":\"10\"}}]}<\/script>\n<!-- \/ Yoast SEO Premium plugin. -->","yoast_head_json":{"title":"Journal Art de Vivre & Voyages \u00e0 Saint-Tropez - Villas Prestige Services","description":"Riviera Journal explore l\u2019art de vivre \u00e0 Saint-Tropez. Villas, inspirations de voyage, culture locale et exp\u00e9riences s\u00e9lectionn\u00e9es sur la Riviera.","robots":{"index":"index","follow":"follow","max-snippet":"max-snippet:-1","max-image-preview":"max-image-preview:large","max-video-preview":"max-video-preview:-1"},"canonical":"https:\/\/www.villa-prestige-service.com\/fr\/riviera-journal\/","og_locale":"fr_FR","og_type":"article","og_title":"Riviera Journal","og_url":"https:\/\/www.villa-prestige-service.com\/fr\/riviera-journal\/","og_site_name":"Villas Prestige Services","article_modified_time":"2026-01-21T09:01:02+00:00","og_image":[{"width":2560,"height":1705,"url":"https:\/\/www.villa-prestige-service.com\/wp-content\/uploads\/2025\/12\/villa-prince-stone-les-parcs-de-saint-tropez-view-scaled.jpg","type":"image\/jpeg"}],"twitter_card":"summary_large_image","schema":{"@context":"https:\/\/schema.org","@graph":[{"@type":"WebPage","@id":"https:\/\/www.villa-prestige-service.com\/fr\/riviera-journal\/","url":"https:\/\/www.villa-prestige-service.com\/fr\/riviera-journal\/","name":"Journal Art de Vivre & Voyages \u00e0 Saint-Tropez - Villas Prestige Services","isPartOf":{"@id":"https:\/\/www.villa-prestige-service.com\/fr\/#website"},"datePublished":"2025-11-27T12:34:35+00:00","dateModified":"2026-01-21T09:01:02+00:00","description":"Riviera Journal explore l\u2019art de vivre \u00e0 Saint-Tropez. Villas, inspirations de voyage, culture locale et exp\u00e9riences s\u00e9lectionn\u00e9es sur la Riviera.","breadcrumb":{"@id":"https:\/\/www.villa-prestige-service.com\/fr\/riviera-journal\/#breadcrumb"},"inLanguage":"fr-FR","potentialAction":[{"@type":"ReadAction","target":["https:\/\/www.villa-prestige-service.com\/fr\/riviera-journal\/"]}]},{"@type":"BreadcrumbList","@id":"https:\/\/www.villa-prestige-service.com\/fr\/riviera-journal\/#breadcrumb","itemListElement":[{"@type":"ListItem","position":1,"name":"Accueil","item":"https:\/\/www.villa-prestige-service.com\/fr\/"},{"@type":"ListItem","position":2,"name":"Riviera Journal"}]},{"@type":"WebSite","@id":"https:\/\/www.villa-prestige-service.com\/fr\/#website","url":"https:\/\/www.villa-prestige-service.com\/fr\/","name":"Villas Prestige Services","description":"Villa rentals in Saint Tropez","publisher":{"@id":"https:\/\/www.villa-prestige-service.com\/fr\/#organization"},"potentialAction":[{"@type":"SearchAction","target":{"@type":"EntryPoint","urlTemplate":"https:\/\/www.villa-prestige-service.com\/fr\/?s={search_term_string}"},"query-input":{"@type":"PropertyValueSpecification","valueRequired":true,"valueName":"search_term_string"}}],"inLanguage":"fr-FR"},{"@type":"Organization","@id":"https:\/\/www.villa-prestige-service.com\/fr\/#organization","name":"Villas Prestige Services","url":"https:\/\/www.villa-prestige-service.com\/fr\/","logo":{"@type":"ImageObject","inLanguage":"fr-FR","@id":"https:\/\/www.villa-prestige-service.com\/fr\/#\/schema\/logo\/image\/","url":"https:\/\/www.villa-prestige-service.com\/wp-content\/uploads\/2025\/11\/Calque_1.svg","contentUrl":"https:\/\/www.villa-prestige-service.com\/wp-content\/uploads\/2025\/11\/Calque_1.svg","caption":"Villas Prestige Services"},"image":{"@id":"https:\/\/www.villa-prestige-service.com\/fr\/#\/schema\/logo\/image\/"},"sameAs":["https:\/\/www.instagram.com\/villasprestigeservices\/"],"description":"Our art is to provide tailor-made luxury villa rentals in Saint-Tropez, offering exceptional properties & unforgettable holiday experiences since 1989","email":"info@villa-prestige-service.com","telephone":"+33 (0)4 94 97 30 78","legalName":"VILLAS PRESTIGE AND SERVICES","foundingDate":"1989-03-07","vatID":"FR92447974965","numberOfEmployees":{"@type":"QuantitativeValue","minValue":"1","maxValue":"10"}}]}},"_links":{"self":[{"href":"https:\/\/www.villa-prestige-service.com\/fr\/wp-json\/wp\/v2\/pages\/1938","targetHints":{"allow":["GET"]}}],"collection":[{"href":"https:\/\/www.villa-prestige-service.com\/fr\/wp-json\/wp\/v2\/pages"}],"about":[{"href":"https:\/\/www.villa-prestige-service.com\/fr\/wp-json\/wp\/v2\/types\/page"}],"author":[{"embeddable":true,"href":"https:\/\/www.villa-prestige-service.com\/fr\/wp-json\/wp\/v2\/users\/1"}],"replies":[{"embeddable":true,"href":"https:\/\/www.villa-prestige-service.com\/fr\/wp-json\/wp\/v2\/comments?post=1938"}],"version-history":[{"count":2,"href":"https:\/\/www.villa-prestige-service.com\/fr\/wp-json\/wp\/v2\/pages\/1938\/revisions"}],"predecessor-version":[{"id":1940,"href":"https:\/\/www.villa-prestige-service.com\/fr\/wp-json\/wp\/v2\/pages\/1938\/revisions\/1940"}],"wp:attachment":[{"href":"https:\/\/www.villa-prestige-service.com\/fr\/wp-json\/wp\/v2\/media?parent=1938"}],"curies":[{"name":"wp","href":"https:\/\/api.w.org\/{rel}","templated":true}]}}